{"id":5437,"date":"2026-01-23T14:39:39","date_gmt":"2026-01-23T13:39:39","guid":{"rendered":"https:\/\/higueronresortrealestate.com\/rgpd\/"},"modified":"2026-03-25T12:17:34","modified_gmt":"2026-03-25T11:17:34","slug":"rgpd","status":"publish","type":"page","link":"https:\/\/higueronresortrealestate.com\/fr\/rgpd\/","title":{"rendered":"RGPD"},"content":{"rendered":"<div class=\"w-full flex flex-col relative justify-center items-center min-h-80 sm:min-h-[50vh] lg:pt-20 2xl:pt-0 z-10 relative\" style=\"background-image: url(https:\/\/higueronresortrealestate.com\/wp-content\/uploads\/2025\/05\/12-COCINA.webp); background-color: #f8f9fa; background-size: cover; background-position: center; background-repeat: no-repeat;\">\n    \n    \n            <div class=\"absolute inset-0 bg-gradient-to-t from-black via-black\/50 to-transparent z-[1] pointer-events-none transition-opacity duration-500\"\n             style=\"opacity: 0.2;\">\n        <\/div>\n    \n        \n    <div class=\"container mx-auto relative z-10 flex flex-col p-6 2xl:p-4 lg:mt-auto items-center justify-center\">\n        \n        \n\n        \n                \n        \n        \n        \n        \n        \n                    \n\n            <nav class=\"self-start inline-flex flex-wrap items-center gap-2 text-[10px] sm:text-xs uppercase tracking-[0.15em] font-medium mb-6 px-6 py-2 ml-2 sm:ml-5 2xl:ml-0 rounded-full bg-black\/30 backdrop-blur-md border border-white\/10 shadow-lg animate-fade-in-up transition-all duration-300\">\n                <a href=\"https:\/\/higueronresortrealestate.com\/fr\/\" class=\"text-white\/80 hover:text-white drop-shadow-md transition-colors duration-300\">\n                    Accueil\n                <\/a>\n                \n                \n                                \n                <span class=\"text-tertiary font-light opacity-80\">\/<\/span>\n                <span class=\"text-white drop-shadow-md font-bold\">\n                    RGPD\n                <\/span>\n            <\/nav>\n        \n        \n            <\/div>\n\n\n    \n<\/div><section class=\"px-10 sm:px-20 lg:px-40 xl:px-60 2xl:px-80 py-10 flex flex-col items-center gap-10\">\n\t    \t<h1 class=\"text-xl xl:text-3xl font-walkaway-thin font-semibold text-primary text-center\">RGPD<\/h1>\n\t\t\n\t\t\n    <div class=\"w-full prose text-base xl:text-lg 2xl:text-xl text-tertiary text-center\"><p style=\"font-weight: 400;\">Conform\u00e9ment au R\u00e8glement G\u00e9n\u00e9ral sur la Protection des Donn\u00e9es (UE) 2016\/679 du Parlement europ\u00e9en et du Conseil du 27 avril 2016 ainsi qu\u2019\u00e0 la Loi organique 3\/2018 du 5 d\u00e9cembre relative \u00e0 la protection des donn\u00e9es personnelles et \u00e0 la garantie des droits num\u00e9riques, nous vous informons que les donn\u00e9es que vous fournissez feront l\u2019objet d\u2019un traitement par le groupe HIGUERON PROJECTS, S.L., CIF B06946545, dont le si\u00e8ge social est situ\u00e9 Avenida El Higuer\u00f3n n\u00ba 48, 29640 Fuengirola, M\u00e1laga, dans le but de vous fournir le service demand\u00e9 et\/ou contract\u00e9, ainsi que d\u2019en assurer la facturation.<\/p>\n<p style=\"font-weight: 400;\">La base juridique du traitement de vos donn\u00e9es est l\u2019ex\u00e9cution du service que vous avez contract\u00e9 et\/ou demand\u00e9. L\u2019offre prospective de produits et services repose sur le consentement qui vous est sollicit\u00e9, sans qu\u2019en aucun cas le retrait de ce consentement ne conditionne l\u2019ex\u00e9cution du contrat. <\/p>\n<p style=\"font-weight: 400;\">Les donn\u00e9es fournies seront conserv\u00e9es tant que la relation commerciale sera maintenue ou pendant les ann\u00e9es n\u00e9cessaires au respect des obligations l\u00e9gales. Les donn\u00e9es ne seront pas c\u00e9d\u00e9es \u00e0 des tiers, sauf dans les cas o\u00f9 il existe une obligation l\u00e9gale. <\/p>\n<p style=\"font-weight: 400;\">Vous avez le droit d\u2019obtenir la confirmation que HIGUERON PROJECTS, S.L traite ou non vos donn\u00e9es personnelles. Vous avez donc le droit d\u2019exercer vos droits d\u2019acc\u00e8s, de rectification, de limitation du traitement, de portabilit\u00e9, d\u2019opposition au traitement et d\u2019effacement de vos donn\u00e9es, par \u00e9crit adress\u00e9 \u00e0 l\u2019adresse postale mentionn\u00e9e ci-dessus ou \u00e0 l\u2019adresse \u00e9lectronique legal@higueronresort.com, en joignant dans les deux cas une copie de votre pi\u00e8ce d\u2019identit\u00e9 (DNI), ainsi que le droit de d\u00e9poser une r\u00e9clamation aupr\u00e8s de l\u2019Autorit\u00e9 de contr\u00f4le (aepd.es).<\/p>\n<p style=\"font-weight: 400;\">Vous pouvez contacter notre D\u00e9l\u00e9gu\u00e9 \u00e0 la Protection des Donn\u00e9es \u00e0 l\u2019adresse suivante : ma.jimenez@grupodaboconsulting.com<\/p>\n<p style=\"font-weight: 400;\">Nous vous informons \u00e9galement que l\u2019image du document d\u2019identit\u00e9 et\/ou du passeport que vous nous avez fournie fera l\u2019objet d\u2019un traitement exclusivement \u00e0 des fins d\u2019identification, afin d\u2019\u00e9viter toute usurpation d\u2019identit\u00e9 pouvant entra\u00eener des frais indus li\u00e9s aux services contract\u00e9s aupr\u00e8s de notre entit\u00e9, et de vous offrir ainsi un service plus personnalis\u00e9 et s\u00e9curis\u00e9, conforme \u00e0 vos int\u00e9r\u00eats. La copie sera d\u00e9truite \u00e0 l\u2019issue de cette finalit\u00e9. En signant le pr\u00e9sent document, vous donnez votre consentement pour la r\u00e9alisation de ce traitement.  <\/p>\n<p style=\"font-weight: 400;\">Nous vous sollicitons \u00e9galement afin d\u2019obtenir votre autorisation pour vous proposer des produits et services li\u00e9s \u00e0 ceux demand\u00e9s, fournis et\/ou commercialis\u00e9s par notre entit\u00e9, dans le but de vous fid\u00e9liser en tant que client.<\/p>\n<\/div>\n\t\n\t\t\n\t<\/section>\n","protected":false},"excerpt":{"rendered":"","protected":false},"author":1,"featured_media":0,"parent":0,"menu_order":0,"comment_status":"closed","ping_status":"closed","template":"","meta":{"_acf_changed":false,"inline_featured_image":false,"footnotes":""},"class_list":["post-5437","page","type-page","status-publish","hentry"],"acf":[],"_links":{"self":[{"href":"https:\/\/higueronresortrealestate.com\/fr\/wp-json\/wp\/v2\/pages\/5437","targetHints":{"allow":["GET"]}}],"collection":[{"href":"https:\/\/higueronresortrealestate.com\/fr\/wp-json\/wp\/v2\/pages"}],"about":[{"href":"https:\/\/higueronresortrealestate.com\/fr\/wp-json\/wp\/v2\/types\/page"}],"author":[{"embeddable":true,"href":"https:\/\/higueronresortrealestate.com\/fr\/wp-json\/wp\/v2\/users\/1"}],"replies":[{"embeddable":true,"href":"https:\/\/higueronresortrealestate.com\/fr\/wp-json\/wp\/v2\/comments?post=5437"}],"version-history":[{"count":1,"href":"https:\/\/higueronresortrealestate.com\/fr\/wp-json\/wp\/v2\/pages\/5437\/revisions"}],"predecessor-version":[{"id":5438,"href":"https:\/\/higueronresortrealestate.com\/fr\/wp-json\/wp\/v2\/pages\/5437\/revisions\/5438"}],"wp:attachment":[{"href":"https:\/\/higueronresortrealestate.com\/fr\/wp-json\/wp\/v2\/media?parent=5437"}],"curies":[{"name":"wp","href":"https:\/\/api.w.org\/{rel}","templated":true}]}}