{"id":3301,"date":"2025-03-19T14:26:04","date_gmt":"2025-03-19T13:26:04","guid":{"rendered":"https:\/\/higueronresortrealestate.com\/localisation\/"},"modified":"2026-03-25T12:17:28","modified_gmt":"2026-03-25T11:17:28","slug":"localisation","status":"publish","type":"page","link":"https:\/\/higueronresortrealestate.com\/fr\/localisation\/","title":{"rendered":"Localisation"},"content":{"rendered":"<div class=\"w-full flex flex-col relative justify-center items-center min-h-80 sm:min-h-[70vh] lg:pt-20 2xl:pt-0 z-10 relative\" style=\"; background-color: #f8f9fa; background-size: cover; background-position: center; background-repeat: no-repeat;\">\n    \n    \n            <div class=\"absolute inset-0 bg-gradient-to-t from-black via-black\/50 to-transparent z-[1] pointer-events-none transition-opacity duration-500\"\n             style=\"opacity: 0.2;\">\n        <\/div>\n    \n            <video class=\"absolute top-0 left-0 z-0 object-cover w-full h-full\" autoplay loop muted playsinline id=\"hero-video\">\n            <source src=\"https:\/\/higueronresortrealestate.com\/wp-content\/uploads\/2025\/03\/VIDEO_promociones.mp4\" type=\"video\/mp4\">\n        <\/video>\n        \n        <div class=\"absolute bottom-10 right-10 z-[20]\">\n            <button id=\"hero-video-mute-button\" class=\"flex items-center justify-center p-2 aspect-square bg-black bg-opacity-50 rounded-full hover:bg-opacity-70 transition-all\">\n                 <svg id=\"disable-audio\" class=\"w-6 hidden\" fill=\"#fff\" viewBox=\"0 0 1920 1920\" xmlns=\"http:\/\/www.w3.org\/2000\/svg\"><path d=\"M1129.432 113v1694.148H936.638l-451.773-451.773h-315.45C76.01 1355.375 0 1279.365 0 1185.96V734.187c0-93.404 76.01-169.414 169.415-169.414h315.45L936.638 113h192.794Zm-112.943 112.943h-33.093l-418.68 418.68v630.901l418.68 418.68h33.093V225.944Zm655.488 135.114C1831.904 521.097 1920 733.77 1920 960.107c0 226.226-88.096 438.898-248.023 598.938l-79.851-79.85c138.694-138.695 214.93-323.018 214.93-519.087 0-196.183-76.236-380.506-214.93-519.2Zm-239.112 239.745c95.663 97.018 148.294 224.644 148.294 359.272s-52.631 262.254-148.294 359.272l-80.529-79.286c74.769-75.785 115.88-175.175 115.88-279.986 0-104.811-41.111-204.201-115.88-279.986Zm-981.092 76.914H169.415c-31.06 0-56.472 25.3-56.472 56.471v451.773c0 31.172 25.412 56.472 56.472 56.472h282.358V677.716Z\" fill-rule=\"evenodd\" fill=\"#fff\"><\/path><\/svg>\n                 <svg id=\"enable-audio\" class=\"w-6\" fill=\"#fff\" viewBox=\"0 0 1920 1920\" xmlns=\"http:\/\/www.w3.org\/2000\/svg\"><path d=\"M1129.432 113v1694.148H936.638l-451.773-451.773h-315.45c-92.47 0-167.893-74.498-169.392-166.618L0 1185.96V734.187c0-92.47 74.498-167.892 166.618-169.392l2.797-.022h315.45L936.638 113h192.794Zm-112.943 112.943h-33.093l-418.68 418.68v630.901l418.68 418.68h33.093V225.944Zm823.662 411.78L1920 717.571l-242.372 242.372L1920 1202.428l-79.85 79.85-242.484-242.372-242.372 242.372-79.85-79.85 242.372-242.484-242.371-242.372 79.85-79.85 242.37 242.372 242.486-242.372ZM451.773 677.715H169.415c-30.749 0-55.963 24.796-56.464 55.538l-.008.933v451.773c0 30.86 24.907 55.965 55.542 56.464l.93.008h282.358V677.716Z\" fill-rule=\"evenodd\" fill=\"#fff\"><\/path><\/svg>\n            <\/button>\n        <\/div>\n        \n    <div class=\"container mx-auto relative z-10 flex flex-col p-6 2xl:p-4 lg:mt-auto items-center justify-center\">\n        \n        \n\n        \n                \n        \n        \n        \n        \n        \n                    \n\n            <nav class=\"self-start inline-flex flex-wrap items-center gap-2 text-[10px] sm:text-xs uppercase tracking-[0.15em] font-medium mb-6 px-6 py-2 ml-2 sm:ml-5 2xl:ml-0 rounded-full bg-black\/30 backdrop-blur-md border border-white\/10 shadow-lg animate-fade-in-up transition-all duration-300\">\n                <a href=\"https:\/\/higueronresortrealestate.com\/fr\/\" class=\"text-white\/80 hover:text-white drop-shadow-md transition-colors duration-300\">\n                    Accueil\n                <\/a>\n                \n                \n                                \n                <span class=\"text-tertiary font-light opacity-80\">\/<\/span>\n                <span class=\"text-white drop-shadow-md font-bold\">\n                    Localisation\n                <\/span>\n            <\/nav>\n        \n        \n            <\/div>\n\n\n    \n<\/div>\n\n<div class=\"w-full px-10 sm:px-40 py-10 sm:py-20 relative flex flex-col items-center gap-10 text-justify\">\n    <div class=\"w-full relative flex flex-col lg:flex-row items-center lg:items-start justify-center gap-4 lg:gap-20 text-justify\">\n        \n        <h1 class=\"w-full sm:w-[600px] min-[2000px]:w-[800px] flex flex-col gap-2\">\n            \n            \n            <div class=\"text-2xl sm:text-3xl 2xl:text-4xl w-full titulo-texto-sidesss text-primary font-walkaway-thin text-center lg:text-end\">\n                <p>South M\u00e1laga,<\/p>\n<p><strong>in the heart of the Costa del Sol<\/strong><\/p>\n\n            <\/div>\n\n            \n            \n        <\/h1>\n\n        \n                    <div class=\"text-sm xl:text-base 2xl:text-lg text-tertiary w-full sm:w-[800px] min-[2000px]:w-[1000px] flex flex-col gap-4\">\n                <p>M\u00e1laga a \u00e9t\u00e9 reconnue par le magazine Forbes comme la meilleure ville du monde o\u00f9 vivre en 2025. Elle est c\u00e9l\u00e8bre pour \u00eatre la ville des mus\u00e9es, du soleil et de la plage, pour la qualit\u00e9 de ses environnements et son climat m\u00e9diterran\u00e9en. Une renomm\u00e9e qui en a fait l\u2019une des villes les mieux connect\u00e9es au monde. D\u2019ailleurs, l\u2019a\u00e9roport de Malaga est le troisi\u00e8me d\u2019Espagne en volume de passagers : pr\u00e8s de vingt-cinq millions de passagers sont arriv\u00e9s \u00e0 Malaga en 2024.   <\/p>\n<p>Choisir Higuer\u00f3n Real Estate, c\u2019est opter pour un emplacement strat\u00e9gique pour votre vie personnelle et vos affaires. Higuer\u00f3n Real Estate propose des logements situ\u00e9s \u00e0 15 minutes de Malaga et de Marbella, villes embl\u00e9matiques de la Costa del Sol, reli\u00e9es au monde entier par la terre, la mer et l\u2019air en quelques minutes seulement, avec tout le charme de la M\u00e9diterran\u00e9e. <\/p>\n\n            <\/div>\n            <\/div>\n\n\n            <div class=\"hidden sm:flex absolute top-0 w-1\/5 aspect-square rounded-full border-[2px] border-primary left-0 translate-x-[-75%]\">\n        <\/div>\n    \n            <div class=\"hidden sm:flex absolute bottom-0 w-1\/4 aspect-square rounded-full border-[2px] border-primary right-0 translate-x-[75%]\"\n            class=\"absolute bottom-0 w-1\/4 aspect-square rounded-full border-[2px] border-primary right-0 translate-x-[75%]\">\n        <\/div>\n    \n    <\/div>\n\n<section class=\"flex flex-col items-center 1 px-10 sm:px-20 2xl:px-40 gap-10 xl:gap-20\"\n    style=\"background-color: \">\n    \n    <div class=\"w-full sm:w-1\/2 flex flex-col items-center text-center justify-start gap-4\">\n                                    <div class=\"flex flex-row gap-4 flex-wrap items-center justify-center\">\n                                    <a class=\"button-primary\" target=\"_blank\" href=\"https:\/\/higueronresortrealestate.com\/fr\/promotions\/\"\n                        target=\"_blank\">Voir promotions<\/a>\n                            <\/div>\n            <\/div>\n<\/section>\n\n\n\n<div style=\"height:51px\" aria-hidden=\"true\" class=\"wp-block-spacer\"><\/div>\n\n\n<section class=\"w-full h-full bg-center bg-cover flex flex-col\">\n    <div class=\"trigger-ruta w-full aspect-[16\/9] bg-[center_left_15%] sm:bg-center bg-cover flex items-end sm:items-center justify-end gap-10 relative py-12 transform-all animate-ease-in-out duration-300 min-h-[70vh] sm:min-h-[700px] px-10\"\n        style=\"background-image:url('https:\/\/higueronresortrealestate.com\/wp-content\/uploads\/2025\/04\/mapa_16-9.webp')\">\n        <div class=\"absolute inset-0 bg-black\/50 sm:bg-black\/30 pointer-events-none\"><\/div>\n        <div class=\"flex flex-col items-end justify-end sm:justify-between gap-4 sm:gap-10 container mx-auto z-10\">\n            <div\n                class=\"sec-title w-full sm:w-1\/2 xl:w-1\/3 text-right text-white font-sans text-5xl loc-quote fading opacity-0\">\n                <p>\u00ab Regarde, l\u00e0-bas, au sud, c\u2019est M\u00e1laga. \u00bb<\/p>\n\n                <span class=\"loc-autor sec-title text-up fading opacity-0 text-xl\">\/ Pablo Picasso<\/span>\n            <\/div>\n\n            <div class=\"hidden sm:flex sm:w-1\/2 xl:w-1\/3 h-[1px] bg-white mt-8 xl:mt-20\"><\/div>\n            <div class=\"hidden sm:flex sm:w-1\/2 xl:w-1\/3 flex-col text-end fading opacity-0 gap-3 text-white\">\n                <p>M\u00e1laga, la meilleure ville du monde pour vivre et travailler.<\/p>\n<p>Avec plus de 320 jours de soleil par an.<\/p>\n<p>Connect\u00e9e au monde, l\u2019a\u00e9roport compte plus de 170 000 liaisons annuelles.<\/p>\n<p>La Silicon Valley de l\u2019Europe, une ville d\u2019investisseurs, comme Google, Amazon et Microsoft.<\/p>\n<p>Terre d\u2019accueil de l\u2019art, de la gastronomie et des traditions.<\/p>\n\n            <\/div>\n        <\/div>\n    <\/div>\n\n    <div\n        class=\"bg-h-light-blue\/80 px-12 mb-4 w-full text-sm tsm:ext-base rounded-b-[100px] flex sm:hidden flex-col items-start justify-center gap-3 text-secondary sm:text-white pt-8 pb-12 container\">\n        <span class=\"fading opacity-0  \"><p>M\u00e1laga, la meilleure ville du monde pour vivre et travailler.<\/p>\n<p>Avec plus de 320 jours de soleil par an.<\/p>\n<p>Connect\u00e9e au monde, l\u2019a\u00e9roport compte plus de 170 000 liaisons annuelles.<\/p>\n<p>La Silicon Valley de l\u2019Europe, une ville d\u2019investisseurs, comme Google, Amazon et Microsoft.<\/p>\n<p>Terre d\u2019accueil de l\u2019art, de la gastronomie et des traditions.<\/p>\n<\/span>\n    <\/div>\n\n    <div class=\"bg-primary w-full hidden sm:flex items-center min-h-36 sm:h-36\">\n        <div\n            class=\" container mx-auto flex flex-col sm:flex-row items-center justify-center gap-3 bg-secondary rounded-b-[100px] h-full\">\n                        <div\n                class=\"texto-ruta text-sm sm:text-xl xl:text-2xl  2xl:text-4xl text-white font-sans uppercase py-8 sm:py-0\">\n                <p>Marbella<\/p>\n\n            <\/div>\n                        <div\n                class=\"flex flex-row sm:flex-col items-center justify-center gap-2 translate-x-8 sm:translate-x-0 sm:translate-y-6\">\n                <span class=\"linea-ruta w-[2px] sm:w-6 xl:w-44 h-28 sm:h-[1px] bg-white\"><\/span>\n                <span\n                    class=\"minutos-ruta text-white text-center text-sm lg:text-base 2xl:text-xl\">25 minutes<\/span>\n            <\/div>\n                        <div\n                class=\"texto-ruta text-sm sm:text-xl xl:text-2xl  2xl:text-4xl text-white font-sans uppercase py-8 sm:py-0\">\n                <p>Higu\u00e9ron<\/p>\n\n            <\/div>\n                        <div\n                class=\"flex flex-row sm:flex-col items-center justify-center gap-2 translate-x-8 sm:translate-x-0 sm:translate-y-6\">\n                <span class=\"linea-ruta w-[2px] sm:w-6 xl:w-44 h-28 sm:h-[1px] bg-white\"><\/span>\n                <span\n                    class=\"minutos-ruta text-white text-center text-sm lg:text-base 2xl:text-xl\">15 minutes<\/span>\n            <\/div>\n                        <div\n                class=\"texto-ruta text-sm sm:text-xl xl:text-2xl  2xl:text-4xl text-white font-sans uppercase py-8 sm:py-0\">\n                <p>A\u00e9roport<\/p>\n\n            <\/div>\n                        <div\n                class=\"flex flex-row sm:flex-col items-center justify-center gap-2 translate-x-8 sm:translate-x-0 sm:translate-y-6\">\n                <span class=\"linea-ruta w-[2px] sm:w-6 xl:w-44 h-28 sm:h-[1px] bg-white\"><\/span>\n                <span\n                    class=\"minutos-ruta text-white text-center text-sm lg:text-base 2xl:text-xl\">20 minutes<\/span>\n            <\/div>\n                        <div\n                class=\"texto-ruta text-sm sm:text-xl xl:text-2xl  2xl:text-4xl text-white font-sans uppercase py-8 sm:py-0\">\n                <p>M\u00e1laga<\/p>\n\n            <\/div>\n                    <\/div>\n    <\/div>\n\n    <div class=\"bg-secondary w-full flex sm:hidden items-center sm:h-16\">\n        <div\n            class=\"container flex flex-row sm:flex-row items-center justify-center gap-3 h-full w-[600px] overflow-hidden\">\n            <div id=\"marquesina-mobile\" class=\"flex  flex-row sm:flex-row gap-3 marquee-inner py-4 sm:py-0\">\n                                <div class=\"flex flex-row sm:flex-row items-center gap-2\">\n                    <span class=\"w-[15px] h-[2px] bg-white hidden sm:flex\"><\/span>\n                    <div class=\"text-xs sm:text-sm text-white font-sans uppercase\"><p>Marbella<\/p>\n\n                    <\/div>\n                                        <div class=\"flex text-white text-center text-xs sm:text-sm items-center gap-2\">\n                        <span class=\"w-[15px] h-[2px] bg-white my-2 sm:my-0\"><\/span>\n                        <span>25 minutes<\/span>\n                    <\/div>\n                                    <\/div>\n                                <div class=\"flex flex-row sm:flex-row items-center gap-2\">\n                    <span class=\"w-[15px] h-[2px] bg-white hidden sm:flex\"><\/span>\n                    <div class=\"text-xs sm:text-sm text-white font-sans uppercase\"><p>Higu\u00e9ron<\/p>\n\n                    <\/div>\n                                        <div class=\"flex text-white text-center text-xs sm:text-sm items-center gap-2\">\n                        <span class=\"w-[15px] h-[2px] bg-white my-2 sm:my-0\"><\/span>\n                        <span>15 minutes<\/span>\n                    <\/div>\n                                    <\/div>\n                                <div class=\"flex flex-row sm:flex-row items-center gap-2\">\n                    <span class=\"w-[15px] h-[2px] bg-white hidden sm:flex\"><\/span>\n                    <div class=\"text-xs sm:text-sm text-white font-sans uppercase\"><p>A\u00e9roport<\/p>\n\n                    <\/div>\n                                        <div class=\"flex text-white text-center text-xs sm:text-sm items-center gap-2\">\n                        <span class=\"w-[15px] h-[2px] bg-white my-2 sm:my-0\"><\/span>\n                        <span>20 minutes<\/span>\n                    <\/div>\n                                    <\/div>\n                                <div class=\"flex flex-row sm:flex-row items-center gap-2\">\n                    <span class=\"w-[15px] h-[2px] bg-white hidden sm:flex\"><\/span>\n                    <div class=\"text-xs sm:text-sm text-white font-sans uppercase\"><p>M\u00e1laga<\/p>\n\n                    <\/div>\n                                    <\/div>\n                \n                                <div class=\"hidden sm:flex flex-row items-center gap-2\">\n                    <span class=\"w-[15px] h-[2px] bg-white\"><\/span>\n                    <div class=\"text-xs sm:text-sm text-white font-sans uppercase py-8 sm:py-0\"><p>Marbella<\/p>\n\n                    <\/div>\n                                        <div class=\"flex text-white text-center text-xs sm:text-sm items-center gap-2\">\n                        <span class=\"w-[15px] h-[2px] bg-white\"><\/span>\n                        <span>25 minutes<\/span>\n                    <\/div>\n                                    <\/div>\n                                <div class=\"hidden sm:flex flex-row items-center gap-2\">\n                    <span class=\"w-[15px] h-[2px] bg-white\"><\/span>\n                    <div class=\"text-xs sm:text-sm text-white font-sans uppercase py-8 sm:py-0\"><p>Higu\u00e9ron<\/p>\n\n                    <\/div>\n                                        <div class=\"flex text-white text-center text-xs sm:text-sm items-center gap-2\">\n                        <span class=\"w-[15px] h-[2px] bg-white\"><\/span>\n                        <span>15 minutes<\/span>\n                    <\/div>\n                                    <\/div>\n                                <div class=\"hidden sm:flex flex-row items-center gap-2\">\n                    <span class=\"w-[15px] h-[2px] bg-white\"><\/span>\n                    <div class=\"text-xs sm:text-sm text-white font-sans uppercase py-8 sm:py-0\"><p>A\u00e9roport<\/p>\n\n                    <\/div>\n                                        <div class=\"flex text-white text-center text-xs sm:text-sm items-center gap-2\">\n                        <span class=\"w-[15px] h-[2px] bg-white\"><\/span>\n                        <span>20 minutes<\/span>\n                    <\/div>\n                                    <\/div>\n                                <div class=\"hidden sm:flex flex-row items-center gap-2\">\n                    <span class=\"w-[15px] h-[2px] bg-white\"><\/span>\n                    <div class=\"text-xs sm:text-sm text-white font-sans uppercase py-8 sm:py-0\"><p>M\u00e1laga<\/p>\n\n                    <\/div>\n                                    <\/div>\n                \n                                <div class=\"hidden sm:flex flex-row items-center gap-2\">\n                    <span class=\"w-[15px] h-[2px] bg-white\"><\/span>\n                    <div class=\"text-xs sm:text-sm text-white font-sans uppercase py-8 sm:py-0\"><p>Marbella<\/p>\n\n                    <\/div>\n                                        <div class=\"flex text-white text-center text-xs sm:text-sm items-center gap-2\">\n                        <span class=\"w-[15px] h-[2px] bg-white\"><\/span>\n                        <span>25 minutes<\/span>\n                    <\/div>\n                                    <\/div>\n                                <div class=\"hidden sm:flex flex-row items-center gap-2\">\n                    <span class=\"w-[15px] h-[2px] bg-white\"><\/span>\n                    <div class=\"text-xs sm:text-sm text-white font-sans uppercase py-8 sm:py-0\"><p>Higu\u00e9ron<\/p>\n\n                    <\/div>\n                                        <div class=\"flex text-white text-center text-xs sm:text-sm items-center gap-2\">\n                        <span class=\"w-[15px] h-[2px] bg-white\"><\/span>\n                        <span>15 minutes<\/span>\n                    <\/div>\n                                    <\/div>\n                                <div class=\"hidden sm:flex flex-row items-center gap-2\">\n                    <span class=\"w-[15px] h-[2px] bg-white\"><\/span>\n                    <div class=\"text-xs sm:text-sm text-white font-sans uppercase py-8 sm:py-0\"><p>A\u00e9roport<\/p>\n\n                    <\/div>\n                                        <div class=\"flex text-white text-center text-xs sm:text-sm items-center gap-2\">\n                        <span class=\"w-[15px] h-[2px] bg-white\"><\/span>\n                        <span>20 minutes<\/span>\n                    <\/div>\n                                    <\/div>\n                                <div class=\"hidden sm:flex flex-row items-center gap-2\">\n                    <span class=\"w-[15px] h-[2px] bg-white\"><\/span>\n                    <div class=\"text-xs sm:text-sm text-white font-sans uppercase py-8 sm:py-0\"><p>M\u00e1laga<\/p>\n\n                    <\/div>\n                                    <\/div>\n                \n\n            <\/div>\n        <\/div>\n    <\/div>\n\n\n<\/section>\n","protected":false},"excerpt":{"rendered":"","protected":false},"author":1,"featured_media":0,"parent":0,"menu_order":0,"comment_status":"closed","ping_status":"closed","template":"","meta":{"_acf_changed":false,"inline_featured_image":false,"footnotes":""},"class_list":["post-3301","page","type-page","status-publish","hentry"],"acf":[],"_links":{"self":[{"href":"https:\/\/higueronresortrealestate.com\/fr\/wp-json\/wp\/v2\/pages\/3301","targetHints":{"allow":["GET"]}}],"collection":[{"href":"https:\/\/higueronresortrealestate.com\/fr\/wp-json\/wp\/v2\/pages"}],"about":[{"href":"https:\/\/higueronresortrealestate.com\/fr\/wp-json\/wp\/v2\/types\/page"}],"author":[{"embeddable":true,"href":"https:\/\/higueronresortrealestate.com\/fr\/wp-json\/wp\/v2\/users\/1"}],"replies":[{"embeddable":true,"href":"https:\/\/higueronresortrealestate.com\/fr\/wp-json\/wp\/v2\/comments?post=3301"}],"version-history":[{"count":5,"href":"https:\/\/higueronresortrealestate.com\/fr\/wp-json\/wp\/v2\/pages\/3301\/revisions"}],"predecessor-version":[{"id":5554,"href":"https:\/\/higueronresortrealestate.com\/fr\/wp-json\/wp\/v2\/pages\/3301\/revisions\/5554"}],"wp:attachment":[{"href":"https:\/\/higueronresortrealestate.com\/fr\/wp-json\/wp\/v2\/media?parent=3301"}],"curies":[{"name":"wp","href":"https:\/\/api.w.org\/{rel}","templated":true}]}}