{"id":1440,"date":"2025-03-24T09:49:21","date_gmt":"2025-03-24T08:49:21","guid":{"rendered":"https:\/\/higueronrealstate.nubedev.es\/privacy-policy\/"},"modified":"2025-12-03T10:10:15","modified_gmt":"2025-12-03T09:10:15","slug":"privacy-policy","status":"publish","type":"page","link":"https:\/\/higueronresortrealestate.com\/en\/privacy-policy\/","title":{"rendered":"Privacy Policy"},"content":{"rendered":"<div class=\"w-full flex flex-col relative justify-center items-center min-h-80 sm:min-h-[70vh] lg:pt-20 2xl:pt-0 z-10 relative\" style=\"; background-color: #f8f9fa; background-size: cover; background-position: center; background-repeat: no-repeat;\">\n    \n    \n            <div class=\"absolute inset-0 bg-gradient-to-t from-black via-black\/50 to-transparent z-[1] pointer-events-none transition-opacity duration-500\"\n             style=\"opacity: 0.2;\">\n        <\/div>\n    \n            <video class=\"absolute top-0 left-0 z-0 object-cover w-full h-full\" autoplay loop muted playsinline id=\"hero-video\">\n            <source src=\"https:\/\/higueronresortrealestate.com\/wp-content\/uploads\/2025\/04\/HOME_real_estate_REDUCIDO-1.mp4\" type=\"video\/mp4\">\n        <\/video>\n        \n        <div class=\"absolute bottom-10 right-10 z-[20]\">\n            <button id=\"hero-video-mute-button\" class=\"flex items-center justify-center p-2 aspect-square bg-black bg-opacity-50 rounded-full hover:bg-opacity-70 transition-all\">\n                 <svg id=\"disable-audio\" class=\"w-6 hidden\" fill=\"#fff\" viewBox=\"0 0 1920 1920\" xmlns=\"http:\/\/www.w3.org\/2000\/svg\"><path d=\"M1129.432 113v1694.148H936.638l-451.773-451.773h-315.45C76.01 1355.375 0 1279.365 0 1185.96V734.187c0-93.404 76.01-169.414 169.415-169.414h315.45L936.638 113h192.794Zm-112.943 112.943h-33.093l-418.68 418.68v630.901l418.68 418.68h33.093V225.944Zm655.488 135.114C1831.904 521.097 1920 733.77 1920 960.107c0 226.226-88.096 438.898-248.023 598.938l-79.851-79.85c138.694-138.695 214.93-323.018 214.93-519.087 0-196.183-76.236-380.506-214.93-519.2Zm-239.112 239.745c95.663 97.018 148.294 224.644 148.294 359.272s-52.631 262.254-148.294 359.272l-80.529-79.286c74.769-75.785 115.88-175.175 115.88-279.986 0-104.811-41.111-204.201-115.88-279.986Zm-981.092 76.914H169.415c-31.06 0-56.472 25.3-56.472 56.471v451.773c0 31.172 25.412 56.472 56.472 56.472h282.358V677.716Z\" fill-rule=\"evenodd\" fill=\"#fff\"><\/path><\/svg>\n                 <svg id=\"enable-audio\" class=\"w-6\" fill=\"#fff\" viewBox=\"0 0 1920 1920\" xmlns=\"http:\/\/www.w3.org\/2000\/svg\"><path d=\"M1129.432 113v1694.148H936.638l-451.773-451.773h-315.45c-92.47 0-167.893-74.498-169.392-166.618L0 1185.96V734.187c0-92.47 74.498-167.892 166.618-169.392l2.797-.022h315.45L936.638 113h192.794Zm-112.943 112.943h-33.093l-418.68 418.68v630.901l418.68 418.68h33.093V225.944Zm823.662 411.78L1920 717.571l-242.372 242.372L1920 1202.428l-79.85 79.85-242.484-242.372-242.372 242.372-79.85-79.85 242.372-242.484-242.371-242.372 79.85-79.85 242.37 242.372 242.486-242.372ZM451.773 677.715H169.415c-30.749 0-55.963 24.796-56.464 55.538l-.008.933v451.773c0 30.86 24.907 55.965 55.542 56.464l.93.008h282.358V677.716Z\" fill-rule=\"evenodd\" fill=\"#fff\"><\/path><\/svg>\n            <\/button>\n        <\/div>\n        \n    <div class=\"container mx-auto relative z-10 flex flex-col p-6 2xl:p-4 lg:mt-auto items-center justify-center\">\n        \n        \n\n        \n                \n        \n        \n        \n        \n        \n        \n        \n            <\/div>\n\n\n    \n<\/div>\n\n\n<div style=\"height:100px\" aria-hidden=\"true\" class=\"wp-block-spacer\"><\/div>\n\n\n<section class=\"flex flex-col items-center 1 px-10 sm:px-20 2xl:px-40 gap-10 xl:gap-20\"\n    style=\"background-color: \">\n    \n    <div class=\"w-full sm:w-1\/2 flex flex-col items-start text-start justify-start gap-4\">\n                    <h1 class=\"text-3xl xl:text-5xl text-primary font-walkaway-thin font-semibold\">\n                Privacy Policy\n                <\/h1>\n                            <div class=\"prose text-sm xl:text-base text-justify\"><p><span style=\"font-weight: 400;\">Privacy Policy<\/span><\/p>\n<p><span style=\"font-weight: 400;\">HIGUER\u00d3N REAL ESTATE, represented by HIGUER\u00d3N PROJECTS S.L., (here in after referred to as HIGUER\u00d3N REAL ESTATE), informs you about its Privacy Policy regarding the processing and protection of personal data of users and customers collected during browsing, purchasing products, or contracting services through the website <\/span><a href=\"https:\/\/higueronresortrealestate.com\"><span style=\"font-weight: 400;\">https:\/\/higueronresortrealestate.com<\/span><\/a><\/p>\n<p><span style=\"font-weight: 400;\">In this regard, HIGUER\u00d3N REAL ESTATE complies with Regulation (EU) 2016\/679 of the European Parliament and of the Council of April 27, 2016, regarding the protection of individuals with regard to the processing of personal data (GDPR).<\/span><\/p>\n<p><span style=\"font-weight: 400;\">The use of the website implies acceptance of this Privacy Policy as well as the conditions included in the Legal Notice.<\/span><\/p>\n<p><span style=\"font-weight: 400;\">Identity of the controller Owner: HIGUER\u00d3N REAL ESTATE<\/span><\/p>\n<ul>\n<li><span style=\"font-weight: 400;\"> NIF number: B93444131<\/span><\/li>\n<li><span style=\"font-weight: 400;\"> Registered in the Commercial Registry of M\u00e1laga, Sheet MA-111755, Volume 4957, Folio 161 <\/span><\/li>\n<li><span style=\"font-weight: 400;\"> Address: Avenida del Higuer\u00f3n, 48, M\u00e1laga &#8211; Spain. <\/span><\/li>\n<li><span style=\"font-weight: 400;\"> Email: <\/span><a href=\"mailto:dpd@higueronresort.com\"><span style=\"font-weight: 400;\">dpd@higueronresort.com<\/span><\/a><\/li>\n<li><span style=\"font-weight: 400;\"> Contact phone: +34 952 573 964 &#8211; Website: <\/span><a href=\"https:\/\/higueronresortrealestate.com\"><span style=\"font-weight: 400;\">https:\/\/higueronresortrealestate.com<\/span><\/a><\/li>\n<\/ul>\n<p><span style=\"font-weight: 400;\">Principles applied in data processing In the processing of your personal data, the Controller will apply the following principles that comply with the requirements of the new European data protection regulation (GDPR):<\/span><\/p>\n<p><span style=\"font-weight: 400;\">Principle of lawfulness, fairness, and transparency: The Controller will always require consent for the processing of personal data, which may be for one or more specific purposes about which the Controller will inform the User in advance with complete transparency.<\/span><\/p>\n<p><span style=\"font-weight: 400;\">Principle of data minimization: The Controller will request only the strictly necessary data for the purpose or purposes for which it is requested.<\/span><\/p>\n<p><span style=\"font-weight: 400;\">Principle of limited storage period: The Controller will keep the personal data collected for the time strictly necessary for the purpose or purposes of the processing. The Controller will inform the User of the corresponding storage period according to the purpose. <\/span><\/p>\n<p><span style=\"font-weight: 400;\">In the case of subscriptions, the Controller will review the lists periodically and delete those records inactive for a considerable time.<\/span><\/p>\n<p><span style=\"font-weight: 400;\">Principle of integrity and confidentiality: The personal data collected will be processed in such a way as to ensure adequate security, including protection against unauthorized or unlawful processing and against accidental loss, destruction, or damage, using appropriate technical or organizational measures.<\/span><\/p>\n<p><span style=\"font-weight: 400;\">The Controller takes necessary precautions to prevent unauthorized access or misuse of the data of its users by third parties.<\/span><\/p>\n<p><span style=\"font-weight: 400;\">Data collection It is not necessary to provide any personal data to browse <\/span><a href=\"https:\/\/higueronresortrealestate.com\"><span style=\"font-weight: 400;\">https:\/\/higueronresortrealestate.com<\/span><\/a><\/p>\n<p><span style=\"font-weight: 400;\">Rights The Controller informs you that you have the right to:<\/span><\/p>\n<p><span style=\"font-weight: 400;\">Request access to stored data. Request a rectification or cancellation. Request limitation of its processing. Oppose the processing. Request the portability of your data. The exercise of these rights is personal and must be exercised directly by the interested party, requesting it directly from the Controller, which means that any client, subscriber, or collaborator who has provided their data at any time can contact HIGUER\u00d3N REAL ESTATE and request information about the data stored and how it was obtained, request its rectification, request the portability of their personal data, object to the processing, limit its use, or request the cancellation of that data in the Controller&#8217;s files. <\/span><\/p>\n<p><span style=\"font-weight: 400;\">To exercise your rights of access, rectification, cancellation, portability, and opposition, you must send an email to dpd@higueronresort.com along with valid proof of identity such as a photocopy of your ID card or equivalent.<\/span><\/p>\n<p><span style=\"font-weight: 400;\">You have the right to effective judicial protection and to file a complaint with the supervisory authority, in this case, the Spanish Data Protection Agency, if you believe that the processing of personal data concerning you violates the Regulation.<\/span><\/p>\n<p><span style=\"font-weight: 400;\">Purpose of personal data processing When you connect to the Website, you are providing personal information for which HIGUER\u00d3N REAL ESTATE is responsible. This information may include personal data such as your IP address and other information. <\/span><\/p>\n<p><span style=\"font-weight: 400;\">There are other purposes for which the Controller processes personal data:<\/span><\/p>\n<p><span style=\"font-weight: 400;\">To ensure compliance with the conditions set forth in the Legal Notice and applicable law. This may include the development of tools and algorithms to help this Website ensure the confidentiality of the personal data it collects. <\/span><\/p>\n<p><span style=\"font-weight: 400;\">To support and improve the services offered by this Website.<\/span><\/p>\n<p><span style=\"font-weight: 400;\">To analyze user navigation. The Controller collects other non-identifying data obtained through the use of cookies that are downloaded to the User&#8217;s computer when browsing the Website, the characteristics and purpose of which are detailed in the Cookie Policy. <\/span><\/p>\n<p><span style=\"font-weight: 400;\">To manage social networks. HIGUER\u00d3N REAL ESTATE has a presence on social networks. If you become a follower on the social networks of the Controller, the processing of personal data will be governed by this section, as well as by those conditions of use, privacy policies, and access regulations belonging to the corresponding social network that you have previously accepted. <\/span><\/p>\n<p><span style=\"font-weight: 400;\">You can consult the privacy policies of the main social networks at these links:<\/span><\/p>\n<ul>\n<li><span style=\"font-weight: 400;\"> Facebook <\/span><\/li>\n<li><span style=\"font-weight: 400;\"> LinkedIn <\/span><\/li>\n<li><span style=\"font-weight: 400;\"> Instagram<\/span><\/li>\n<\/ul>\n<p><span style=\"font-weight: 400;\">The Controller will process your personal data for the purpose of properly managing its presence on the social network, informing you of its activities, products, or services, as well as for any other purpose that the regulations of the social networks allow.<\/span><\/p>\n<p><span style=\"font-weight: 400;\">Under no circumstances will the Controller use the profiles of followers on social networks to send individualized advertising.<\/span><\/p>\n<p><span style=\"font-weight: 400;\">Security of personal data To protect your personal data, the Controller takes all reasonable precautions and follows industry best practices to prevent its loss, misuse, unauthorized access, disclosure, alteration, or destruction.<\/span><\/p>\n<p><span style=\"font-weight: 400;\">The Website is hosted on RAIOLANETWORKS ESPA\u00d1A. Data security is guaranteed, as they take all necessary security measures. You can consult their privacy policy for more information. <\/span><\/p>\n<p><span style=\"font-weight: 400;\">Content from other websites The pages of this Website may include embedded content (for example, videos, images, articles, etc.). Embedded content from other websites behaves exactly the same way as if the visitor had visited the other website. <\/span><\/p>\n<p><span style=\"font-weight: 400;\">These websites may collect data about you, use cookies, embed additional third-party tracking code, and monitor your interaction using this code.<\/span><\/p>\n<p><span style=\"font-weight: 400;\">Cookie Policy For this Website to function properly, it needs to use cookies, which are information stored in your web browser.<\/span><\/p>\n<p><span style=\"font-weight: 400;\">On the Cookie Policy page, you can consult all the information related to the collection, purpose, and treatment of cookies.<\/span><\/p>\n<p><span style=\"font-weight: 400;\">Legal basis for data processing The legal basis for processing your data is consent.<\/span><\/p>\n<p><span style=\"font-weight: 400;\">To contact the Controller, subscribe to a newsletter, or make comments on this Website, you must accept this Privacy Policy.<\/span><\/p>\n<p><span style=\"font-weight: 400;\">Categories of personal data The categories of personal data processed by the Controller are:<\/span><\/p>\n<p><span style=\"font-weight: 400;\">Identifying data.<\/span><\/p>\n<p><span style=\"font-weight: 400;\">No categories of especially protected data are processed.<\/span><\/p>\n<p><span style=\"font-weight: 400;\">Retention of personal data The personal data you provide to the Controller will be retained until you request its deletion.<\/span><\/p>\n<p><span style=\"font-weight: 400;\">Recipients of personal data Google Analytics is a web analytics service provided by Google, Inc., a Delaware company whose main office is at 1600 Amphitheatre Parkway, Mountain View (California), CA 94043, United States (&#8220;Google&#8221;).<\/span><\/p>\n<p><span style=\"font-weight: 400;\">Google Analytics uses &#8220;cookies,&#8221; which are text files placed on your computer, to help the Controller analyze how Users use the Website. The information generated by the cookie about your use of the Website (including your IP address) will be transmitted to and stored by Google on servers in the United States. <\/span><\/p>\n<p><span style=\"font-weight: 400;\">More information at: <\/span><a href=\"https:\/\/analytics.google.com\" target=\"_blank\" rel=\"noopener\"><span style=\"font-weight: 400;\">https:\/\/analytics.google.com<\/span><\/a><\/p>\n<p><span style=\"font-weight: 400;\">Google&#8217;s privacy policy page explains how Google manages privacy regarding the use of cookies and other information.<\/span><\/p>\n<p><span style=\"font-weight: 400;\">You can also see a list of the types of cookies used by Google and its partners and all the information related to the use of advertising cookies.<\/span><\/p>\n<p><span style=\"font-weight: 400;\">Web browsing When browsing <\/span><a href=\"https:\/\/higueronresortrealestate.com\"><span style=\"font-weight: 400;\">https:\/\/higueronresortrealestate.com<\/span><\/a><span style=\"font-weight: 400;\">, non-identifying data may be collected, which may include your IP address, geolocation, a record of how services and sites are used, browsing habits, and other data that cannot be used to identify you.<\/span><\/p>\n<p><span style=\"font-weight: 400;\">The Website uses the following third-party analytics services:<\/span><\/p>\n<p><span style=\"font-weight: 400;\">Google Analytics.<\/span><\/p>\n<p><span style=\"font-weight: 400;\">The Controller uses the information obtained to obtain statistical data, analyze trends, manage the Website, study navigation patterns, and collect demographic information.<\/span><\/p>\n<p><span style=\"font-weight: 400;\">The Controller is not responsible for the processing of personal data carried out by the websites that you may access through the various links contained on the Website.<\/span><\/p>\n<p><span style=\"font-weight: 400;\">Accuracy and truthfulness of personal data You undertake that the data provided to the Controller is correct, complete, accurate, and current, and you are responsible for keeping it duly updated.<\/span><\/p>\n<p><span style=\"font-weight: 400;\">As a User of the Website, you are solely responsible for the accuracy and correctness of the data submitted to the Website, releasing HIGUER\u00d3N REAL ESTATE from any liability in this regard.<\/span><\/p>\n<p><span style=\"font-weight: 400;\">Acceptance and consent As a User of the Website, you declare that you have been informed of the conditions on the protection of personal data, and you accept and consent to the processing of such data by HIGUER\u00d3N REAL ESTATE in the manner and for the purposes indicated in this Privacy Policy.<\/span><\/p>\n<p>In compliance with Regulation (EU) 2016\/679 of the European Parliament and of the Council of 27 April 2016 (General Data Protection Regulation) and Organic Law 3\/2018 of 5 December on Personal Data Protection and Guarantee of Digital Rights, we inform you that the data you provide will be processed by HIGUERON PROJECTS, S.L., with Tax Identification Number (CIF) B06946545 and registered office at Avenida El Higueron No. 48, 29640 Fuengirola, Malaga, for the purpose of providing you with the requested and\/or contracted service and for billing purposes.<\/p>\n<p>The legal basis for processing your data is the performance of the service you have contracted and\/or requested. The offering of future products and services is based on the consent requested from you, and in no case will the withdrawal of this consent affect the performance of the contract.<\/p>\n<p>The data provided will be kept for as long as the business relationship is maintained or for the years necessary to comply with legal obligations. The data will not be transferred to third parties except where there is a legal obligation to do so.<\/p>\n<p>You have the right to obtain confirmation as to whether HIGUERON PROJECTS, S.L. is processing your personal data and, therefore, you have the right to exercise your rights of access, rectification, restriction of processing, data portability, objection to processing, and erasure of your data by writing to the postal address mentioned above or by email to legal@higueronresort.com, attaching a copy of your national identity document in both cases, as well as the right to lodge a complaint with the Supervisory Authority (aepd.es).<\/p>\n<p>You can contact our Data Protection Officer at the following email address: ma.jimenez@grupodaboconsulting.com<br \/>\nWe also inform you that the image of the Identity Document and\/or Passport you have provided will be processed solely for identification purposes to prevent identity theft that could result in unauthorized charges for services contracted with our company, and to provide you with a more personalized and secure service. The copy will be destroyed upon completion of the service. By signing this document, you consent to this processing.<\/p>\n<p><span style=\"font-weight: 400;\">Revocability To exercise your rights of access, rectification, cancellation, portability, and opposition, you must send an email to dpd@higueronresort.com along with valid proof of identity such as a photocopy of your ID card or equivalent.<\/span><\/p>\n<p><span style=\"font-weight: 400;\">The exercise of these rights does not include any data that HIGUER\u00d3N REAL ESTATE is obliged to keep for administrative, legal, or security purposes.<\/span><\/p>\n<p><span style=\"font-weight: 400;\">Changes to the Privacy Policy The Controller reserves the right to modify this Privacy Policy to adapt it to legislative or jurisprudential developments, as well as to industry practices.<\/span><\/p>\n<p><span style=\"font-weight: 400;\">These policies will be valid until they are modified by duly published ones.<\/span><\/p>\n<p>&nbsp;<\/p>\n<\/div>\n                    <\/div>\n<\/section>\n\n\n\n<div style=\"height:100px\" aria-hidden=\"true\" class=\"wp-block-spacer\"><\/div>\n","protected":false},"excerpt":{"rendered":"","protected":false},"author":1,"featured_media":0,"parent":0,"menu_order":0,"comment_status":"closed","ping_status":"closed","template":"","meta":{"_acf_changed":false,"inline_featured_image":false,"footnotes":""},"class_list":["post-1440","page","type-page","status-publish","hentry"],"acf":[],"_links":{"self":[{"href":"https:\/\/higueronresortrealestate.com\/en\/wp-json\/wp\/v2\/pages\/1440","targetHints":{"allow":["GET"]}}],"collection":[{"href":"https:\/\/higueronresortrealestate.com\/en\/wp-json\/wp\/v2\/pages"}],"about":[{"href":"https:\/\/higueronresortrealestate.com\/en\/wp-json\/wp\/v2\/types\/page"}],"author":[{"embeddable":true,"href":"https:\/\/higueronresortrealestate.com\/en\/wp-json\/wp\/v2\/users\/1"}],"replies":[{"embeddable":true,"href":"https:\/\/higueronresortrealestate.com\/en\/wp-json\/wp\/v2\/comments?post=1440"}],"version-history":[{"count":4,"href":"https:\/\/higueronresortrealestate.com\/en\/wp-json\/wp\/v2\/pages\/1440\/revisions"}],"predecessor-version":[{"id":5819,"href":"https:\/\/higueronresortrealestate.com\/en\/wp-json\/wp\/v2\/pages\/1440\/revisions\/5819"}],"wp:attachment":[{"href":"https:\/\/higueronresortrealestate.com\/en\/wp-json\/wp\/v2\/media?parent=1440"}],"curies":[{"name":"wp","href":"https:\/\/api.w.org\/{rel}","templated":true}]}}